{"id":325,"date":"2020-06-16T17:44:11","date_gmt":"2020-06-16T15:44:11","guid":{"rendered":"https:\/\/www.chaletauborddulac.fr\/?page_id=325"},"modified":"2020-06-18T17:28:28","modified_gmt":"2020-06-18T15:28:28","slug":"gerardmer-et-ses-alentours","status":"publish","type":"page","link":"https:\/\/chaletauborddulac.fr\/index.php\/gerardmer-et-ses-alentours\/","title":{"rendered":"G\u00e9rardmer et ses alentours"},"content":{"rendered":"<p><section class=\"kc-elm kc-css-480866 kc_row\"><div class=\"kc-row-container  kc-container\"><div class=\"kc-wrap-columns\"><div class=\"kc-elm kc-css-462498 kc_col-sm-12 kc_column kc_col-sm-12\"><div class=\"kc-col-container\">\n<div class=\"kc-elm kc-css-764511 kc-title-wrap \">\n\n\t<h1 class=\"kc_title\">LES SITES NATURELS ET TOURISTIQUES<\/h1>\n<\/div>\n<\/div><\/div><\/div><\/div><\/section><section class=\"kc-elm kc-css-962662 kc_row\"><div class=\"kc-row-container  kc-container\"><div class=\"kc-wrap-columns\"><div class=\"kc-elm kc-css-315208 kc_col-sm-6 kc_column kc_col-sm-6\"><div class=\"kc-col-container\"><div class=\"kc-elm kc-css-353293 kc_shortcode kc_single_image\">\n\n        <img decoding=\"async\" src=\"https:\/\/chaletauborddulac.fr\/wp-content\/uploads\/2020\/06\/coucher-de-soleil.jpg\" class=\"\" alt=\"\" \/>    <\/div>\n\n<div class=\"kc-elm kc-css-509158 kc-title-wrap \">\n\n\t<h1 class=\"kc_title\">LES LACS<\/h1>\n<\/div>\n<div class=\"kc-elm kc-css-255265 kc_text_block\"><\/p>\n<p><strong>Lac de G\u00e9rardmer<\/strong> : le plus grand lac naturel des Vosges, long de 2,2 km, large de 750m, et profond de pr\u00e8s de 38m.<\/p>\n<p><strong>Lac de xonrupt Longemer<\/strong> : \u00e0 5 km<\/p>\n<p><strong>Lac de Retournemer<\/strong> : \u00e0 12 km<\/p>\n<p>Lac de Blanchemer, Lac des Corbeaux, Lac Blanc, Lac Noir, Lac Vert\u2026<\/p>\n<p>\n<\/div><\/div><\/div><div class=\"kc-elm kc-css-564526 kc_col-sm-6 kc_column kc_col-sm-6\"><div class=\"kc-col-container\"><div class=\"kc-elm kc-css-722624 kc_shortcode kc_single_image\">\n\n        <img decoding=\"async\" src=\"https:\/\/chaletauborddulac.fr\/wp-content\/uploads\/2020\/06\/vue-tour-merelle-1.jpg\" class=\"\" alt=\"\" \/>    <\/div>\n\n<div class=\"kc-elm kc-css-576997 kc-title-wrap \">\n\n\t<h1 class=\"kc_title\">LES VUES IMPRENABLES<\/h1>\n<\/div>\n<div class=\"kc-elm kc-css-363301 kc_text_block\"><\/p>\n<p>La route des cr\u00eates, le col de la Schlucht et bien d&rsquo;autres offrent des vues \u00e0 couper le souffle !<\/p>\n<p>\n<\/div><\/div><\/div><\/div><\/div><\/section><section class=\"kc-elm kc-css-453073 kc_row\"><div class=\"kc-row-container  kc-container\"><div class=\"kc-wrap-columns\"><div class=\"kc-elm kc-css-408964 kc_col-sm-4 kc_column kc_col-sm-4\"><div class=\"kc-col-container\"><div class=\"kc-elm kc-css-70946 kc_shortcode kc_single_image\">\n\n        <img decoding=\"async\" src=\"https:\/\/chaletauborddulac.fr\/wp-content\/uploads\/2020\/06\/colmar.jpg\" class=\"\" alt=\"\" \/>    <\/div>\n\n<div class=\"kc-elm kc-css-656695 kc-title-wrap \">\n\n\t<h1 class=\"kc_title\">LES VILLES ET VILLAGES DE CARACT\u00c8RES <\/h1>\n<\/div>\n<div class=\"kc-elm kc-css-657249 kc_text_block\"><\/p>\n<p>Colmar et la route des vins d\u2019Alsace, les villages alsaciens d\u2019Eguisheim, Riquewihr, Ribeauvill\u00e9, Kaysersberg, ect..<\/p>\n<p>\n<\/div><\/div><\/div><div class=\"kc-elm kc-css-740787 kc_col-sm-4 kc_column kc_col-sm-4\"><div class=\"kc-col-container\"><div class=\"kc-elm kc-css-378939 kc_shortcode kc_single_image\">\n\n        <img decoding=\"async\" src=\"https:\/\/chaletauborddulac.fr\/wp-content\/uploads\/2020\/06\/CASCADE.jpg\" class=\"\" alt=\"\" \/>    <\/div>\n\n<div class=\"kc-elm kc-css-623396 kc-title-wrap \">\n\n\t<h1 class=\"kc_title\">LES CASCADES<\/h1>\n<\/div>\n<div class=\"kc-elm kc-css-399189 kc_text_block\"><\/p>\n<p>Les cascades de Tendon, le saut des cuves, cascades de la Pissoire, cascades Charlemagne, etc..<\/p>\n<p>\n<\/div><\/div><\/div><div class=\"kc-elm kc-css-710489 kc_col-sm-4 kc_column kc_col-sm-4\"><div class=\"kc-col-container\"><div class=\"kc-elm kc-css-912639 kc_shortcode kc_single_image\">\n\n        <img decoding=\"async\" src=\"https:\/\/chaletauborddulac.fr\/wp-content\/uploads\/2020\/06\/fraipertuis-300x200.jpg\" class=\"\" alt=\"\" \/>    <\/div>\n\n<div class=\"kc-elm kc-css-381287 kc-title-wrap \">\n\n\t<h1 class=\"kc_title\">LES PARCS ET ACTIVIT\u00c9S<\/h1>\n<\/div>\n<div class=\"kc-elm kc-css-4833 kc_text_block\"><\/p>\n<p>Les accro-branches et tyrolienne, le parc d&rsquo;attraction Fraispertuis City, La volerie des aigles, La Montagne des singes, etc..<\/p>\n<p>\n<\/div><\/div><\/div><\/div><\/div><\/section><section class=\"kc-elm kc-css-640985 kc_row\"><div class=\"kc-row-container  kc-container\"><div class=\"kc-wrap-columns\"><div class=\"kc-elm kc-css-161124 kc_col-sm-12 kc_column kc_col-sm-12\"><div class=\"kc-col-container\"><div class=\"kc-elm kc-css-616562\" style=\"height: 30px; clear: both; width:100%;\"><\/div><\/div><\/div><\/div><\/div><\/section><section class=\"kc-elm kc-css-715238 kc_row\"><div class=\"kc-row-container  kc-container\"><div class=\"kc-wrap-columns\"><div class=\"kc-elm kc-css-781938 kc_col-sm-12 kc_column kc_col-sm-12\"><div class=\"kc-col-container\">\n<div class=\"kc-elm kc-css-358431 kc-title-wrap \">\n\n\t<h1 class=\"kc_title\">LES ACTIVIT\u00c9S \u00c9T\u00c9 ET HIVER<\/h1>\n<\/div>\n<\/div><\/div><\/div><\/div><\/section><section class=\"kc-elm kc-css-700646 kc_row\"><div class=\"kc-row-container  kc-container\"><div class=\"kc-wrap-columns\"><div class=\"kc-elm kc-css-193681 kc_col-sm-8 kc_column kc_col-sm-8\"><div class=\"kc-col-container\"><div class=\"kc-elm kc-css-659963 kc_shortcode kc_single_image\">\n\n        <img decoding=\"async\" src=\"https:\/\/chaletauborddulac.fr\/wp-content\/uploads\/2020\/06\/planche.jpg\" class=\"\" alt=\"\" \/>    <\/div>\n\n<div class=\"kc-elm kc-css-549659 kc-title-wrap \">\n\n\t<h1 class=\"kc_title\">LOISIRS ET SPORTS NAUTIQUES A GERARDMER<\/h1>\n<\/div>\n<div class=\"kc-elm kc-css-202006 kc_text_block\"><\/p>\n<p>Baignades, p\u00eache, aviron, cano\u00eb-kayak, voile, p\u00e9dalo, plong\u00e9e, tour du lac en vedette, etc..<\/p>\n<p>\n<\/div><\/div><\/div><div class=\"kc-elm kc-css-187132 kc_col-sm-4 kc_column kc_col-sm-4\"><div class=\"kc-col-container\"><div class=\"kc-elm kc-css-28562 kc_shortcode kc_single_image\">\n\n        <img decoding=\"async\" src=\"https:\/\/chaletauborddulac.fr\/wp-content\/uploads\/2020\/06\/skiable2.jpg\" class=\"\" alt=\"\" \/>    <\/div>\n\n<div class=\"kc-elm kc-css-587090 kc-title-wrap \">\n\n\t<h1 class=\"kc_title\">LE SKI<\/h1>\n<\/div>\n<div class=\"kc-elm kc-css-52987 kc_text_block\"><\/p>\n<p>Domaine skiable de la Mauselaine \u00e0 G\u00e9rardmer, domaine skiable de la Bresse, domaine de ski de fond des Bas Rupt qui peut \u00eatre pratiqu\u00e9 en raquette, etc..<\/p>\n<p>\n<\/div><\/div><\/div><\/div><\/div><\/section><section class=\"kc-elm kc-css-90479 kc_row\"><div class=\"kc-row-container  kc-container\"><div class=\"kc-wrap-columns\"><div class=\"kc-elm kc-css-866283 kc_col-sm-4 kc_column kc_col-sm-4\"><div class=\"kc-col-container\"><div class=\"kc-elm kc-css-469054 kc_shortcode kc_single_image\">\n\n        <img decoding=\"async\" src=\"https:\/\/chaletauborddulac.fr\/wp-content\/uploads\/2020\/06\/velo.jpg\" class=\"\" alt=\"\" \/>    <\/div>\n\n<div class=\"kc-elm kc-css-747755 kc-title-wrap \">\n\n\t<h1 class=\"kc_title\">LE V\u00c9LO<\/h1>\n<\/div>\n<div class=\"kc-elm kc-css-371077 kc_text_block\"><\/p>\n<p>VTT :\u00a0avec plus de 300 kilom\u00e8tres de circuits am\u00e9nag\u00e9s pour tout niveau sur les communes de G\u00e9rardmer et Xonrupt-Longemer<\/p>\n<p>\n<\/div><\/div><\/div><div class=\"kc-elm kc-css-382540 kc_col-sm-5 kc_column kc_col-sm-5\"><div class=\"kc-col-container\"><div class=\"kc-elm kc-css-743156 kc_shortcode kc_single_image\">\n\n        <img decoding=\"async\" src=\"https:\/\/chaletauborddulac.fr\/wp-content\/uploads\/2020\/06\/Fotolia_65424453_S.jpg\" class=\"\" alt=\"\" \/>    <\/div>\n\n<div class=\"kc-elm kc-css-893028 kc-title-wrap \">\n\n\t<h1 class=\"kc_title\">LES RANDONN\u00c9ES<\/h1>\n<\/div>\n<div class=\"kc-elm kc-css-167714 kc_text_block\"><\/p>\n<p>Randonn\u00e9es : 300 km de sentiers balis\u00e9s autour de G\u00e9rardmer parmi les sapins. Randonn\u00e9es raquettes guid\u00e9es ou non (circuit balis\u00e9 aux alentours de G\u00e9rardmer)<\/p>\n<p>\n<\/div><\/div><\/div><div class=\"kc-elm kc-css-299968 kc_col-sm-3 kc_column kc_col-sm-3\"><div class=\"kc-col-container\"><div class=\"kc-elm kc-css-410397 kc_shortcode kc_single_image\">\n\n        <img decoding=\"async\" src=\"https:\/\/chaletauborddulac.fr\/wp-content\/uploads\/2020\/06\/parapente-300x191.jpg\" class=\"\" alt=\"\" \/>    <\/div>\n\n<div class=\"kc-elm kc-css-753601 kc-title-wrap \">\n\n\t<h1 class=\"kc_title\">LES AUTRES SPORTS<\/h1>\n<\/div>\n<div class=\"kc-elm kc-css-294007 kc_text_block\"><\/p>\n<p>A G\u00e9rardmer il est possible de pratiquer des sports comme le parapente, le ski-joering en hiver, l&rsquo;escalade et les via ferrata, etc..<\/p>\n<p>\n<\/div><\/div><\/div><\/div><\/div><\/section><section class=\"kc-elm kc-css-663149 kc_row\"><div class=\"kc-row-container  kc-container\"><div class=\"kc-wrap-columns\"><div class=\"kc-elm kc-css-119179 kc_col-sm-12 kc_column kc_col-sm-12\"><div class=\"kc-col-container\"><div class=\"kc-elm kc-css-762206\" style=\"height: 30px; clear: both; width:100%;\"><\/div><\/div><\/div><\/div><\/div><\/section><section class=\"kc-elm kc-css-381889 kc_row\"><div class=\"kc-row-container  kc-container\"><div class=\"kc-wrap-columns\"><div class=\"kc-elm kc-css-99482 kc_col-sm-12 kc_column kc_col-sm-12\"><div class=\"kc-col-container\">\n<div class=\"kc-elm kc-css-742107 kc-title-wrap \">\n\n\t<h1 class=\"kc_title\">LE TERROIR DE GERARDMER<\/h1>\n<\/div>\n<\/div><\/div><\/div><\/div><\/section><section class=\"kc-elm kc-css-920833 kc_row\"><div class=\"kc-row-container  kc-container\"><div class=\"kc-wrap-columns\"><div class=\"kc-elm kc-css-882640 kc_col-sm-3 kc_column kc_col-sm-3\"><div class=\"kc-col-container\"><div class=\"kc-elm kc-css-987745 kc_shortcode kc_single_image\">\n\n        <img decoding=\"async\" src=\"https:\/\/chaletauborddulac.fr\/wp-content\/uploads\/2020\/06\/munster-2.jpg\" class=\"\" alt=\"\" \/>    <\/div>\n\n<div class=\"kc-elm kc-css-592856 kc-title-wrap \">\n\n\t<h1 class=\"kc_title\">LE G\u00c9ROM\u00c9<\/h1>\n<\/div>\n<div class=\"kc-elm kc-css-408809 kc_text_block\"><\/p>\n<p>N\u00e9 dans le massif des Vosges,\u00a0<em>le Munster<\/em> AOP, \u00e0 la fois lorrain et alsacien, a moins de vigueur que ne le laisse pr\u00e9sager son odeur, venez y go\u00fbter !<\/p>\n<p>\n<\/div><\/div><\/div><div class=\"kc-elm kc-css-892048 kc_col-sm-5 kc_column kc_col-sm-5\"><div class=\"kc-col-container\"><div class=\"kc-elm kc-css-114589 kc_shortcode kc_single_image\">\n\n        <img decoding=\"async\" src=\"https:\/\/chaletauborddulac.fr\/wp-content\/uploads\/2020\/06\/bonbon.jpg\" class=\"\" alt=\"\" \/>    <\/div>\n\n<div class=\"kc-elm kc-css-529350 kc-title-wrap \">\n\n\t<h1 class=\"kc_title\">LES CONFISERIES<\/h1>\n<\/div>\n<div class=\"kc-elm kc-css-165157 kc_text_block\"><\/p>\n<p>Les Vosges sont aussi c\u00e9l\u00e8bres pour leurs bonbons. La confiserie des Hautes Vosges, celle de La Bresse et La confiserie de Plainfaing vous accueille pour des d\u00e9gustations et la r\u00e9alisation de bonbons devant vos yeux !<\/p>\n<p>\n<\/div><\/div><\/div><div class=\"kc-elm kc-css-163338 kc_col-sm-3 kc_column kc_col-sm-3\"><div class=\"kc-col-container\"><div class=\"kc-elm kc-css-447689 kc_shortcode kc_single_image\">\n\n        <img decoding=\"async\" src=\"https:\/\/chaletauborddulac.fr\/wp-content\/uploads\/2020\/06\/charcut-300x154.jpg\" class=\"\" alt=\"\" \/>    <\/div>\n\n<div class=\"kc-elm kc-css-77287 kc-title-wrap \">\n\n\t<h1 class=\"kc_title\">LES PLATS TERROIRS<\/h1>\n<\/div>\n<div class=\"kc-elm kc-css-35063 kc_text_block\"><\/p>\n<p>Comme la charcuterie fum\u00e9e au bois de sapin, traditionnelle dans les Vosges.<\/p>\n<p>\n<\/div><\/div><\/div><\/div><\/div><\/section><section class=\"kc-elm kc-css-46348 kc_row\"><div class=\"kc-row-container  kc-container\"><div class=\"kc-wrap-columns\"><div class=\"kc-elm kc-css-284796 kc_col-sm-12 kc_column kc_col-sm-12\"><div class=\"kc-col-container\"><div class=\"kc-elm kc-css-298118\" style=\"height: 20px; clear: both; width:100%;\"><\/div><\/div><\/div><\/div><\/div><\/section><\/p>\n","protected":false},"excerpt":{"rendered":"","protected":false},"author":1,"featured_media":0,"parent":0,"menu_order":0,"comment_status":"closed","ping_status":"closed","template":"template-page-builder-no-sidebar.php","meta":{"_exactmetrics_skip_tracking":false,"_exactmetrics_sitenote_active":false,"_exactmetrics_sitenote_note":"","_exactmetrics_sitenote_category":0,"footnotes":""},"class_list":["post-325","page","type-page","status-publish","hentry","even"],"_links":{"self":[{"href":"https:\/\/chaletauborddulac.fr\/index.php\/wp-json\/wp\/v2\/pages\/325"}],"collection":[{"href":"https:\/\/chaletauborddulac.fr\/index.php\/wp-json\/wp\/v2\/pages"}],"about":[{"href":"https:\/\/chaletauborddulac.fr\/index.php\/wp-json\/wp\/v2\/types\/page"}],"author":[{"embeddable":true,"href":"https:\/\/chaletauborddulac.fr\/index.php\/wp-json\/wp\/v2\/users\/1"}],"replies":[{"embeddable":true,"href":"https:\/\/chaletauborddulac.fr\/index.php\/wp-json\/wp\/v2\/comments?post=325"}],"version-history":[{"count":100,"href":"https:\/\/chaletauborddulac.fr\/index.php\/wp-json\/wp\/v2\/pages\/325\/revisions"}],"predecessor-version":[{"id":921,"href":"https:\/\/chaletauborddulac.fr\/index.php\/wp-json\/wp\/v2\/pages\/325\/revisions\/921"}],"wp:attachment":[{"href":"https:\/\/chaletauborddulac.fr\/index.php\/wp-json\/wp\/v2\/media?parent=325"}],"curies":[{"name":"wp","href":"https:\/\/api.w.org\/{rel}","templated":true}]}}