{"id":281,"date":"2020-06-16T16:56:59","date_gmt":"2020-06-16T14:56:59","guid":{"rendered":"https:\/\/www.chaletauborddulac.fr\/?page_id=281"},"modified":"2021-06-14T18:58:39","modified_gmt":"2021-06-14T16:58:39","slug":"seminaires-entreprises","status":"publish","type":"page","link":"https:\/\/chaletauborddulac.fr\/index.php\/seminaires-entreprises\/","title":{"rendered":"S\u00e9minaires"},"content":{"rendered":"<p><section class=\"kc-elm kc-css-302563 kc_row\"><div class=\"kc-row-container  kc-container\"><div class=\"kc-wrap-columns\"><div class=\"kc-elm kc-css-521862 kc_col-sm-12 kc_column kc_col-sm-12\"><div class=\"kc-col-container\">\n<div class=\"kc-elm kc-css-351268 kc-title-wrap \">\n\n\t<h2 class=\"kc_title\">LES SEMINAIRES ENTREPRISE<\/h2>\n<\/div>\n<\/div><\/div><\/div><\/div><\/section><section class=\"kc-elm kc-css-397019 kc_row\"><div class=\"kc-row-container  kc-container\"><div class=\"kc-wrap-columns\"><div class=\"kc-elm kc-css-619132 kc_col-of-5 kc_column kc_col-of-5\"><div class=\"kc-col-container\"><div class=\"kc-elm kc-css-685993 kc-icon-wrapper\">\n\t\t<i class=\"fa-briefcase\"><\/i>\n\t<\/div>\n<div class=\"kc-elm kc-css-26996 kc_text_block\"><\/p>\n<p style=\"text-align: center;\">CADRE DE TRAVAIL PRIVILIEGIE A 2 KM DE LA PERLE DES VOSGES<\/p>\n<p>\n<\/div><\/div><\/div><div class=\"kc-elm kc-css-354350 kc_col-of-5 kc_column kc_col-of-5\"><div class=\"kc-col-container\"><div class=\"kc-elm kc-css-627350 kc-icon-wrapper\">\n\t\t<i class=\"fa-binoculars\"><\/i>\n\t<\/div>\n<div class=\"kc-elm kc-css-674614 kc_text_block\"><\/p>\n<p style=\"text-align: center;\">SALLES EN REZ DE JARDIN AVEC VUE SUR LE LAC<\/p>\n<p>\n<\/div><\/div><\/div><div class=\"kc-elm kc-css-588888 kc_col-of-5 kc_column kc_col-of-5\"><div class=\"kc-col-container\"><div class=\"kc-elm kc-css-405475 kc-icon-wrapper\">\n\t\t<i class=\"fa-list\"><\/i>\n\t<\/div>\n<div class=\"kc-elm kc-css-722127 kc_text_block\"><\/p>\n<p style=\"text-align: center;\">SALLES TOUT EQUIPEES<\/p>\n<p>\n<\/div><\/div><\/div><div class=\"kc-elm kc-css-676513 kc_col-of-5 kc_column kc_col-of-5\"><div class=\"kc-col-container\"><div class=\"kc-elm kc-css-199649 kc-icon-wrapper\">\n\t\t<i class=\"fa-home\"><\/i>\n\t<\/div>\n<div class=\"kc-elm kc-css-36253 kc_text_block\"><\/p>\n<p style=\"text-align: center;\">FORMULES AVEC HEBERGEMENT ET REPAS INCLUS<\/p>\n<p>\n<\/div><\/div><\/div><div class=\"kc-elm kc-css-554489 kc_col-of-5 kc_column kc_col-of-5\"><div class=\"kc-col-container\"><div class=\"kc-elm kc-css-123785 kc-icon-wrapper\">\n\t\t<i class=\"fa-rss\"><\/i>\n\t<\/div>\n<div class=\"kc-elm kc-css-955657 kc_text_block\"><\/p>\n<p style=\"text-align: center;\">WIFI GRATUIT<\/p>\n<p>\n<\/div><\/div><\/div><\/div><\/div><\/section><section class=\"kc-elm kc-css-147046 kc_row\"><div class=\"kc-row-container  kc-container\"><div class=\"kc-wrap-columns\"><div class=\"kc-elm kc-css-505048 kc_col-sm-4 kc_column kc_col-sm-4\"><div class=\"kc-col-container\"><div class=\"kc-elm kc-css-155620 kc_shortcode kc_single_image\">\n\n        <img decoding=\"async\" src=\"https:\/\/chaletauborddulac.fr\/wp-content\/uploads\/2020\/06\/hotel-gerardmer-salle-03-1.jpg\" class=\"\" alt=\"\" \/>    <\/div>\n<\/div><\/div><div class=\"kc-elm kc-css-962262 kc_col-sm-4 kc_column kc_col-sm-4\"><div class=\"kc-col-container\"><div class=\"kc-elm kc-css-462650 kc_shortcode kc_single_image\">\n\n        <img decoding=\"async\" src=\"https:\/\/chaletauborddulac.fr\/wp-content\/uploads\/2020\/06\/hotel-gerardmer-salle-01.jpg\" class=\"\" alt=\"\" \/>    <\/div>\n<\/div><\/div><div class=\"kc-elm kc-css-681044 kc_col-sm-4 kc_column kc_col-sm-4\"><div class=\"kc-col-container\"><div class=\"kc-elm kc-css-218462 kc_shortcode kc_single_image\">\n\n        <img decoding=\"async\" src=\"https:\/\/chaletauborddulac.fr\/wp-content\/uploads\/2020\/06\/hotel-gerardmer-salle-02.jpg\" class=\"\" alt=\"\" \/>    <\/div>\n<\/div><\/div><\/div><\/div><\/section><section class=\"kc-elm kc-css-139056 kc_row\"><div class=\"kc-row-container  kc-container\"><div class=\"kc-wrap-columns\"><div class=\"kc-elm kc-css-880967 kc_col-sm-4 kc_column kc_col-sm-4\"><div class=\"kc-col-container\">\n<div class=\"kc-elm kc-css-3098 kc-flipbox kc-flip-container\" ontouchstart=\"this.classList.toggle('hover');\">\n\t<div class=\"flipper\">\n\t\t<div class=\"front\">\n\t\t\t<div class=\"front-content\">\n\t\t\t\t<h3>La journ\u00e9e d:apos:\u00e9tude<\/h3><p>Nous vous accueillons avec un caf\u00e9 de bienvenue, vous prenez place dans la salle de r\u00e9union tout \u00e9quip\u00e9e. Le d\u00e9jeuner est servi dans la salle de restaurant en formule entr\u00e9e, plat, dessert. Dans l\u2019apr\u00e8s-midi une collation vous est propos\u00e9e.\r\n<p><\/p><p><\/p><p><\/p><p><\/p><p><\/p><p><\/p><p><\/p><p><\/p><p><\/p><p><\/p><p><\/p><\/p>\t\t\t<\/div>\n\t\t<\/div>\n\t\t<div class=\"back\">\n\t\t\t<div class=\"des\">\n\t\t\t\t<h3>La journ\u00e9e d:apos:\u00e9tude<\/h3><p><div align=\"left\">- Location de la salle tout \u00e9quip\u00e9e <\/div>\r\n<div align=\"left\">- Caf\u00e9 d\u2019accueil <\/div>\r\n<div align=\"left\">- D\u00e9jeuner (entr\u00e9e,plat,dessert) <\/div>\r\n<div align=\"left\">- Collation <\/div>\r\n<div align=\"left\">- Mise \u00e0 disposition : carafes d\u2019eau, machine \u00e0 caf\u00e9 <\/div>\r\n<\/p><a class=\"button\" href=\"https:\/\/www.chaletauborddulac.fr\/index.php\/contact\/\" target=\"_self\" title=\"Contact\">Tarifs nous consulter<\/a>\t\t\t<\/div>\n\t\t<\/div>\n\t<\/div>\n<\/div>\n<\/div><\/div><div class=\"kc-elm kc-css-764972 kc_col-sm-4 kc_column kc_col-sm-4\"><div class=\"kc-col-container\">\n<div class=\"kc-elm kc-css-492470 kc-flipbox kc-flip-container\" ontouchstart=\"this.classList.toggle('hover');\">\n\t<div class=\"flipper\">\n\t\t<div class=\"front\">\n\t\t\t<div class=\"front-content\">\n\t\t\t\t<h3>Le s\u00e9minaire semi-r\u00e9sidentiel<\/h3><p>La journ\u00e9e d\u2019\u00e9tude se poursuit avec une nuit en chambre individuelle et vous vous r\u00e9veillez au rythme du lac de G\u00e9rardmer. Les croissants et le caf\u00e9 du buffet vous attendent pour d\u00e9marrer la journ\u00e9e.\r\n<p><\/p><p><\/p><p><\/p><p><\/p><p><\/p><p><\/p><p><\/p><p><\/p><p><\/p><p><\/p><p><\/p><\/p>\t\t\t<\/div>\n\t\t<\/div>\n\t\t<div class=\"back\">\n\t\t\t<div class=\"des\">\n\t\t\t\t<h3>Le s\u00e9minaire semi-r\u00e9sidentiel<\/h3><p><div align=\"left\">- Location de la salle tout \u00e9quip\u00e9e <\/div>\r\n<div align=\"left\">- Caf\u00e9 d\u2019accueil<\/div>\r\n<div align=\"left\">- D\u00e9jeuner (entr\u00e9e,plat,dessert)<\/div>\r\n<div align=\"left\">- Collation <\/div>\r\n<div align=\"left\">- Nuit en chambre individuelle<\/div>\r\n<div align=\"left\">- Petit d\u00e9jeuner<\/div>\r\n<div align=\"left\">- Mise \u00e0 disposition : carafes d\u2019eau, machine \u00e0 caf\u00e9<\/div>\r\n\r\n<\/p><a class=\"button\" href=\"https:\/\/www.chaletauborddulac.fr\/index.php\/contact\/\" target=\"_self\" title=\"Contact\">Tarifs nous consulter<\/a>\t\t\t<\/div>\n\t\t<\/div>\n\t<\/div>\n<\/div>\n<\/div><\/div><div class=\"kc-elm kc-css-155851 kc_col-sm-4 kc_column kc_col-sm-4\"><div class=\"kc-col-container\">\n<div class=\"kc-elm kc-css-29149 kc-flipbox kc-flip-container\" ontouchstart=\"this.classList.toggle('hover');\">\n\t<div class=\"flipper\">\n\t\t<div class=\"front\">\n\t\t\t<div class=\"front-content\">\n\t\t\t\t<h3>Le s\u00e9minaire r\u00e9sidentiel<\/h3><p>Vous profitez d\u2019un d\u00eener en formule entr\u00e9e, plat, dessert apr\u00e8s une journ\u00e9e de travail. L\u2019h\u00e9bergement est en chambre individuelle et le petit d\u00e9jeuner en buffet.\r\n<p><\/p><p><\/p><p><\/p><p><\/p><p><\/p><p><\/p><p><\/p><p><\/p><p><\/p><p><\/p><p><\/p><\/p>\t\t\t<\/div>\n\t\t<\/div>\n\t\t<div class=\"back\">\n\t\t\t<div class=\"des\">\n\t\t\t\t<h3>Le s\u00e9minaire r\u00e9sidentiel<\/h3><p><div align=\"left\">- Location de la salle tout \u00e9quip\u00e9e<\/div>\r\n<div align=\"left\">- Caf\u00e9 d\u2019accueil<\/div>\r\n<div align=\"left\">- D\u00e9jeuner (entr\u00e9e,plat,dessert)<\/div>\r\n<div align=\"left\">- Collation <\/div>\r\n<div align=\"left\">- D\u00eener (entr\u00e9e,plat,dessert)<\/div>\r\n<div align=\"left\">- Nuit en chambre individuelle<\/div>\r\n<div align=\"left\">- Petit d\u00e9jeuner<\/div>\r\n<div align=\"left\">- Mise \u00e0 disposition : carafes d\u2019eau, machine \u00e0 caf\u00e9 <\/div>\r\n<\/p><a class=\"button\" href=\"https:\/\/www.chaletauborddulac.fr\/index.php\/contact\/\" target=\"_self\" title=\"Contact\">Tarifs nous consulter<\/a>\t\t\t<\/div>\n\t\t<\/div>\n\t<\/div>\n<\/div>\n<\/div><\/div><\/div><\/div><\/section><\/p>\n","protected":false},"excerpt":{"rendered":"","protected":false},"author":1,"featured_media":0,"parent":0,"menu_order":0,"comment_status":"closed","ping_status":"closed","template":"template-page-builder-no-sidebar.php","meta":{"_exactmetrics_skip_tracking":false,"_exactmetrics_sitenote_active":false,"_exactmetrics_sitenote_note":"","_exactmetrics_sitenote_category":0,"footnotes":""},"class_list":["post-281","page","type-page","status-publish","hentry","even"],"_links":{"self":[{"href":"https:\/\/chaletauborddulac.fr\/index.php\/wp-json\/wp\/v2\/pages\/281"}],"collection":[{"href":"https:\/\/chaletauborddulac.fr\/index.php\/wp-json\/wp\/v2\/pages"}],"about":[{"href":"https:\/\/chaletauborddulac.fr\/index.php\/wp-json\/wp\/v2\/types\/page"}],"author":[{"embeddable":true,"href":"https:\/\/chaletauborddulac.fr\/index.php\/wp-json\/wp\/v2\/users\/1"}],"replies":[{"embeddable":true,"href":"https:\/\/chaletauborddulac.fr\/index.php\/wp-json\/wp\/v2\/comments?post=281"}],"version-history":[{"count":67,"href":"https:\/\/chaletauborddulac.fr\/index.php\/wp-json\/wp\/v2\/pages\/281\/revisions"}],"predecessor-version":[{"id":1213,"href":"https:\/\/chaletauborddulac.fr\/index.php\/wp-json\/wp\/v2\/pages\/281\/revisions\/1213"}],"wp:attachment":[{"href":"https:\/\/chaletauborddulac.fr\/index.php\/wp-json\/wp\/v2\/media?parent=281"}],"curies":[{"name":"wp","href":"https:\/\/api.w.org\/{rel}","templated":true}]}}