{"id":1133,"date":"2021-06-11T13:59:59","date_gmt":"2021-06-11T11:59:59","guid":{"rendered":"https:\/\/www.chaletauborddulac.fr\/?page_id=1133"},"modified":"2021-07-10T08:35:26","modified_gmt":"2021-07-10T06:35:26","slug":"les-tarifs-et-reservations","status":"publish","type":"page","link":"https:\/\/chaletauborddulac.fr\/index.php\/les-tarifs-et-reservations\/","title":{"rendered":"Les tarifs et r\u00e9servations"},"content":{"rendered":"<p><section class=\"kc-elm kc-css-303366 kc_row\"><div class=\"kc-row-container  kc-container\"><div class=\"kc-wrap-columns\"><div class=\"kc-elm kc-css-308801 kc_col-sm-12 kc_column kc_col-sm-12\"><div class=\"kc-col-container\">\n<div class=\"kc-elm kc-css-479694 kc-title-wrap \">\n\n\t<h2 class=\"kc_title\">LES TARIFS<\/h2>\n<\/div>\n<\/div><\/div><\/div><\/div><\/section><section class=\"kc-elm kc-css-491769 kc_row\"><div class=\"kc-row-container  kc-container\"><div class=\"kc-wrap-columns\"><div class=\"kc-elm kc-css-917967 kc_col-sm-12 kc_column kc_col-sm-12\"><div class=\"kc-col-container\">\n<div class=\"kc-elm kc-css-105517 kc-title-wrap \">\n\n\t<h2 class=\"kc_title\">Au Chalet au bord du lac, tout le monde trouve la formule qui lui convient. La formule chambre et petit d\u00e9jeuner fera de vos voyages d\u2019affaires ou de vos escapades vosgiennes une r\u00e9ussite. Laissez-vous guider, vous \u00eates arriv\u00e9s \u2026\r\nMerci de nous contacter pour obtenir votre tarif<\/h2>\n<\/div>\n<\/div><\/div><\/div><\/div><\/section><section class=\"kc-elm kc-css-424888 kc_row\"><div class=\"kc-row-container  kc-container\"><div class=\"kc-wrap-columns\"><div class=\"kc-elm kc-css-667196 kc_col-sm-12 kc_column kc_col-sm-12\"><div class=\"kc-col-container\"><div class=\"kc-elm kc-css-925091 kc-icon-wrapper\">\n\t\t<a href=\"https:\/\/www.chaletauborddulac.fr\/pdf\/tarifs2021.pdf\" target=\"_self\" title=\"T\u00e9l\u00e9charger les tarifs complets de l:apos:h\u00f4tel restaurant le Chalet au bord du lac en pdf (100ko)\">\n\t\t<i class=\"fa-eye\"><\/i>\n\t\t<\/a>\n\t<\/div>\n<div class=\"kc-elm kc-css-778082 kc_text_block\"><\/p>\n<p>CLIQUER POUR TELECHARGER LES TARIFS DE L&#039;HOTEL<\/p>\n<p>\n<\/div><\/div><\/div><\/div><\/div><\/section><section class=\"kc-elm kc-css-718412 kc_row\"><div class=\"kc-row-container  kc-container\"><div class=\"kc-wrap-columns\"><div class=\"kc-elm kc-css-839218 kc_col-sm-4 kc_column kc_col-sm-4\"><div class=\"kc-col-container\"><\/div><\/div><div class=\"kc-elm kc-css-889919 kc_col-sm-4 kc_column kc_col-sm-4\"><div class=\"kc-col-container\">\n<div class=\"kc-elm kc-css-830463 kc-flipbox kc-flip-container\" ontouchstart=\"this.classList.toggle('hover');\">\n\t<div class=\"flipper\">\n\t\t<div class=\"front\">\n\t\t\t<div class=\"front-content\">\n\t\t\t\t<h3>Formule chambre et petit d\u00e9jeuner<\/h3><p><br>\r\n<br>\r\nNuit en chambre double ou individuelle <br>\r\nPetit d\u00e9jeuner : 16 \u20ac \/ personne <br>\r\n<br><\/p>\t\t\t<\/div>\n\t\t<\/div>\n\t\t<div class=\"back\">\n\t\t\t<div class=\"des\">\n\t\t\t\t<h3>A partir de <\/h3><p>115 \u20ac \/ nuit\u00e9e en basse saison chambre double avec vue sur le lac<br>\r\n135 \u20ac \/ nuit\u00e9e en haute saison chambre double  avec vue sur le lac<br>\r\n 95 \u20ac \/ nuit\u00e9e en basse saison\t chambre double avec vue sur le jardin<br>\r\n 115 \u20ac \/ nuit\u00e9e en haute saison chambre double avec vue sur le jardin<br><\/p>\t\t\t<\/div>\n\t\t<\/div>\n\t<\/div>\n<\/div>\n<\/div><\/div><div class=\"kc-elm kc-css-389498 kc_col-sm-4 kc_column kc_col-sm-4\"><div class=\"kc-col-container\"><\/div><\/div><\/div><\/div><\/section><section class=\"kc-elm kc-css-361698 kc_row\"><div class=\"kc-row-container  kc-container\"><div class=\"kc-wrap-columns\"><div class=\"kc-elm kc-css-668708 kc_col-sm-12 kc_column kc_col-sm-12\"><div class=\"kc-col-container\">\n<div class=\"kc-elm kc-css-598860 kc-title-wrap \">\n\n\t<h2 class=\"kc_title\">COMMENT RESERVER<\/h2>\n<\/div>\n<\/div><\/div><\/div><\/div><\/section><section class=\"kc-elm kc-css-199388 kc_row\"><div class=\"kc-row-container  kc-container\"><div class=\"kc-wrap-columns\"><div class=\"kc-elm kc-css-223855 kc_col-of-5 kc_column kc_col-of-5\"><div class=\"kc-col-container\"><\/div><\/div><div class=\"kc-elm kc-css-944373 kc_col-of-5 kc_column kc_col-of-5\"><div class=\"kc-col-container\"><div class=\"kc-elm kc-css-211390 kc-icon-wrapper\">\n\t\t<a href=\"https:\/\/www.chaletauborddulac.fr\/index.php\/contact\/\" target=\"_self\" title=\"Contact\">\n\t\t<i class=\"fa-edit\"><\/i>\n\t\t<\/a>\n\t<\/div>\n<div class=\"kc-elm kc-css-236364 kc_text_block\"><\/p>\n<p>CONTACTEZ-NOUS PAR MAIL<\/p>\n<p>\n<\/div><\/div><\/div><div class=\"kc-elm kc-css-171331 kc_col-of-5 kc_column kc_col-of-5\"><div class=\"kc-col-container\"><\/div><\/div><div class=\"kc-elm kc-css-662689 kc_col-of-5 kc_column kc_col-of-5\"><div class=\"kc-col-container\"><div class=\"kc-elm kc-css-644985 kc-icon-wrapper\">\n\t\t<a href=\"tel:+33329630103\" target=\"_self\" title=\"appel\">\n\t\t<i class=\"fa-phone\"><\/i>\n\t\t<\/a>\n\t<\/div>\n<div class=\"kc-elm kc-css-529348 kc_text_block\"><\/p>\n<p>CONTACTEZ-NOUS PAR TELEPHONE<\/p>\n<p>\n<\/div><\/div><\/div><div class=\"kc-elm kc-css-730157 kc_col-of-5 kc_column kc_col-of-5\"><div class=\"kc-col-container\"><\/div><\/div><\/div><\/div><\/section><section class=\"kc-elm kc-css-255164 kc_row\"><div class=\"kc-row-container  kc-container\"><div class=\"kc-wrap-columns\"><div class=\"kc-elm kc-css-673472 kc_col-sm-12 kc_column kc_col-sm-12\"><div class=\"kc-col-container\">\n<div class=\"kc-elm kc-css-718050 kc-title-wrap \">\n\n\t<h2 class=\"kc_title\">N'h\u00e9sitez pas \u00e0 nous contacter pour toutes demandes de r\u00e9servation et de devis. <\/h2>\n<\/div>\n<\/div><\/div><\/div><\/div><\/section><\/p>\n","protected":false},"excerpt":{"rendered":"","protected":false},"author":1,"featured_media":0,"parent":0,"menu_order":0,"comment_status":"closed","ping_status":"closed","template":"template-page-builder-no-sidebar.php","meta":{"_exactmetrics_skip_tracking":false,"_exactmetrics_sitenote_active":false,"_exactmetrics_sitenote_note":"","_exactmetrics_sitenote_category":0,"footnotes":""},"class_list":["post-1133","page","type-page","status-publish","hentry","even"],"_links":{"self":[{"href":"https:\/\/chaletauborddulac.fr\/index.php\/wp-json\/wp\/v2\/pages\/1133"}],"collection":[{"href":"https:\/\/chaletauborddulac.fr\/index.php\/wp-json\/wp\/v2\/pages"}],"about":[{"href":"https:\/\/chaletauborddulac.fr\/index.php\/wp-json\/wp\/v2\/types\/page"}],"author":[{"embeddable":true,"href":"https:\/\/chaletauborddulac.fr\/index.php\/wp-json\/wp\/v2\/users\/1"}],"replies":[{"embeddable":true,"href":"https:\/\/chaletauborddulac.fr\/index.php\/wp-json\/wp\/v2\/comments?post=1133"}],"version-history":[{"count":21,"href":"https:\/\/chaletauborddulac.fr\/index.php\/wp-json\/wp\/v2\/pages\/1133\/revisions"}],"predecessor-version":[{"id":1254,"href":"https:\/\/chaletauborddulac.fr\/index.php\/wp-json\/wp\/v2\/pages\/1133\/revisions\/1254"}],"wp:attachment":[{"href":"https:\/\/chaletauborddulac.fr\/index.php\/wp-json\/wp\/v2\/media?parent=1133"}],"curies":[{"name":"wp","href":"https:\/\/api.w.org\/{rel}","templated":true}]}}